{"id":55,"date":"2017-07-13T15:24:09","date_gmt":"2017-07-13T15:24:09","guid":{"rendered":"https:\/\/www.peppler-hosting.at\/cms\/?page_id=55"},"modified":"2017-07-13T15:25:15","modified_gmt":"2017-07-13T15:25:15","slug":"kontakt","status":"publish","type":"page","link":"https:\/\/www.peppler-hosting.at\/cms\/?page_id=55","title":{"rendered":"Kontakt"},"content":{"rendered":"<h2>Direkte Hostinganfragen werden ignoriert. Anfragen zum Hosting k\u00f6nnen immer nur \u00fcber den privaten Weg erfolgen.<\/h2>\n<h2><\/h2>\n<h2>Warum dann eine Kontaktseite? Weil unsere Seiten f\u00fcr verschiedene Domains und f\u00fcr verschiedene L\u00e4nder gehostet werden und es je nach Land evtl. verpflichtend ist die M\u00f6glichkeit einer Kontaktaufnahme mit dem Domainhoster zu erm\u00f6glichen&#8230;<\/h2>\n<p>&nbsp;<\/p>\n<h2>Kontakt per Mail: <a href=\"mailto:webcontact@peppler-hosting.at\">webcontact@peppler-hosting.at<\/a><\/h2>\n","protected":false},"excerpt":{"rendered":"<p>Direkte Hostinganfragen werden ignoriert. Anfragen zum Hosting k\u00f6nnen immer nur \u00fcber den privaten Weg erfolgen. Warum dann eine Kontaktseite? Weil unsere Seiten f\u00fcr verschiedene Domains und f\u00fcr verschiedene L\u00e4nder gehostet werden und es je nach Land evtl. verpflichtend ist die M\u00f6glichkeit einer Kontaktaufnahme mit dem Domainhoster zu erm\u00f6glichen&#8230; &nbsp; Kontakt per Mail: webcontact@peppler-hosting.at<\/p>\n","protected":false},"author":1,"featured_media":0,"parent":0,"menu_order":0,"comment_status":"closed","ping_status":"closed","template":"","meta":[],"yoast_head":"<!-- This site is optimized with the Yoast SEO plugin v21.1 - https:\/\/yoast.com\/wordpress\/plugins\/seo\/ -->\n<title>Kontakt - Peppler Hosting<\/title>\n<meta name=\"robots\" content=\"index, follow, max-snippet:-1, max-image-preview:large, max-video-preview:-1\" \/>\n<link rel=\"canonical\" href=\"https:\/\/www.peppler-hosting.at\/cms\/?page_id=55\" \/>\n<meta property=\"og:locale\" content=\"de_DE\" \/>\n<meta property=\"og:type\" content=\"article\" \/>\n<meta property=\"og:title\" content=\"Kontakt - Peppler Hosting\" \/>\n<meta property=\"og:description\" content=\"Direkte Hostinganfragen werden ignoriert. Anfragen zum Hosting k\u00f6nnen immer nur \u00fcber den privaten Weg erfolgen. Warum dann eine Kontaktseite? Weil unsere Seiten f\u00fcr verschiedene Domains und f\u00fcr verschiedene L\u00e4nder gehostet werden und es je nach Land evtl. verpflichtend ist die M\u00f6glichkeit einer Kontaktaufnahme mit dem Domainhoster zu erm\u00f6glichen&#8230; &nbsp; Kontakt per Mail: webcontact@peppler-hosting.at\" \/>\n<meta property=\"og:url\" content=\"https:\/\/www.peppler-hosting.at\/cms\/?page_id=55\" \/>\n<meta property=\"og:site_name\" content=\"Peppler Hosting\" \/>\n<meta property=\"article:modified_time\" content=\"2017-07-13T15:25:15+00:00\" \/>\n<meta name=\"twitter:card\" content=\"summary_large_image\" \/>\n<script type=\"application\/ld+json\" class=\"yoast-schema-graph\">{\"@context\":\"https:\/\/schema.org\",\"@graph\":[{\"@type\":\"WebPage\",\"@id\":\"https:\/\/www.peppler-hosting.at\/cms\/?page_id=55\",\"url\":\"https:\/\/www.peppler-hosting.at\/cms\/?page_id=55\",\"name\":\"Kontakt - Peppler Hosting\",\"isPartOf\":{\"@id\":\"https:\/\/www.peppler-hosting.at\/cms\/#website\"},\"datePublished\":\"2017-07-13T15:24:09+00:00\",\"dateModified\":\"2017-07-13T15:25:15+00:00\",\"breadcrumb\":{\"@id\":\"https:\/\/www.peppler-hosting.at\/cms\/?page_id=55#breadcrumb\"},\"inLanguage\":\"de\",\"potentialAction\":[{\"@type\":\"ReadAction\",\"target\":[\"https:\/\/www.peppler-hosting.at\/cms\/?page_id=55\"]}]},{\"@type\":\"BreadcrumbList\",\"@id\":\"https:\/\/www.peppler-hosting.at\/cms\/?page_id=55#breadcrumb\",\"itemListElement\":[{\"@type\":\"ListItem\",\"position\":1,\"name\":\"Startseite\",\"item\":\"https:\/\/www.peppler-hosting.at\/cms\/\"},{\"@type\":\"ListItem\",\"position\":2,\"name\":\"Kontakt\"}]},{\"@type\":\"WebSite\",\"@id\":\"https:\/\/www.peppler-hosting.at\/cms\/#website\",\"url\":\"https:\/\/www.peppler-hosting.at\/cms\/\",\"name\":\"Peppler Hosting\",\"description\":\"Your private Web-Hosting!\",\"publisher\":{\"@id\":\"https:\/\/www.peppler-hosting.at\/cms\/#organization\"},\"potentialAction\":[{\"@type\":\"SearchAction\",\"target\":{\"@type\":\"EntryPoint\",\"urlTemplate\":\"https:\/\/www.peppler-hosting.at\/cms\/?s={search_term_string}\"},\"query-input\":\"required name=search_term_string\"}],\"inLanguage\":\"de\"},{\"@type\":\"Organization\",\"@id\":\"https:\/\/www.peppler-hosting.at\/cms\/#organization\",\"name\":\"Peppler Hosting\",\"url\":\"https:\/\/www.peppler-hosting.at\/cms\/\",\"logo\":{\"@type\":\"ImageObject\",\"inLanguage\":\"de\",\"@id\":\"https:\/\/www.peppler-hosting.at\/cms\/#\/schema\/logo\/image\/\",\"url\":\"https:\/\/www.peppler-hosting.at\/cms\/wp-content\/uploads\/2017\/07\/cropped-peppler_hosting.png\",\"contentUrl\":\"https:\/\/www.peppler-hosting.at\/cms\/wp-content\/uploads\/2017\/07\/cropped-peppler_hosting.png\",\"width\":600,\"height\":240,\"caption\":\"Peppler Hosting\"},\"image\":{\"@id\":\"https:\/\/www.peppler-hosting.at\/cms\/#\/schema\/logo\/image\/\"}}]}<\/script>\n<!-- \/ Yoast SEO plugin. -->","yoast_head_json":{"title":"Kontakt - Peppler Hosting","robots":{"index":"index","follow":"follow","max-snippet":"max-snippet:-1","max-image-preview":"max-image-preview:large","max-video-preview":"max-video-preview:-1"},"canonical":"https:\/\/www.peppler-hosting.at\/cms\/?page_id=55","og_locale":"de_DE","og_type":"article","og_title":"Kontakt - Peppler Hosting","og_description":"Direkte Hostinganfragen werden ignoriert. Anfragen zum Hosting k\u00f6nnen immer nur \u00fcber den privaten Weg erfolgen. Warum dann eine Kontaktseite? Weil unsere Seiten f\u00fcr verschiedene Domains und f\u00fcr verschiedene L\u00e4nder gehostet werden und es je nach Land evtl. verpflichtend ist die M\u00f6glichkeit einer Kontaktaufnahme mit dem Domainhoster zu erm\u00f6glichen&#8230; &nbsp; Kontakt per Mail: webcontact@peppler-hosting.at","og_url":"https:\/\/www.peppler-hosting.at\/cms\/?page_id=55","og_site_name":"Peppler Hosting","article_modified_time":"2017-07-13T15:25:15+00:00","twitter_card":"summary_large_image","schema":{"@context":"https:\/\/schema.org","@graph":[{"@type":"WebPage","@id":"https:\/\/www.peppler-hosting.at\/cms\/?page_id=55","url":"https:\/\/www.peppler-hosting.at\/cms\/?page_id=55","name":"Kontakt - Peppler Hosting","isPartOf":{"@id":"https:\/\/www.peppler-hosting.at\/cms\/#website"},"datePublished":"2017-07-13T15:24:09+00:00","dateModified":"2017-07-13T15:25:15+00:00","breadcrumb":{"@id":"https:\/\/www.peppler-hosting.at\/cms\/?page_id=55#breadcrumb"},"inLanguage":"de","potentialAction":[{"@type":"ReadAction","target":["https:\/\/www.peppler-hosting.at\/cms\/?page_id=55"]}]},{"@type":"BreadcrumbList","@id":"https:\/\/www.peppler-hosting.at\/cms\/?page_id=55#breadcrumb","itemListElement":[{"@type":"ListItem","position":1,"name":"Startseite","item":"https:\/\/www.peppler-hosting.at\/cms\/"},{"@type":"ListItem","position":2,"name":"Kontakt"}]},{"@type":"WebSite","@id":"https:\/\/www.peppler-hosting.at\/cms\/#website","url":"https:\/\/www.peppler-hosting.at\/cms\/","name":"Peppler Hosting","description":"Your private Web-Hosting!","publisher":{"@id":"https:\/\/www.peppler-hosting.at\/cms\/#organization"},"potentialAction":[{"@type":"SearchAction","target":{"@type":"EntryPoint","urlTemplate":"https:\/\/www.peppler-hosting.at\/cms\/?s={search_term_string}"},"query-input":"required name=search_term_string"}],"inLanguage":"de"},{"@type":"Organization","@id":"https:\/\/www.peppler-hosting.at\/cms\/#organization","name":"Peppler Hosting","url":"https:\/\/www.peppler-hosting.at\/cms\/","logo":{"@type":"ImageObject","inLanguage":"de","@id":"https:\/\/www.peppler-hosting.at\/cms\/#\/schema\/logo\/image\/","url":"https:\/\/www.peppler-hosting.at\/cms\/wp-content\/uploads\/2017\/07\/cropped-peppler_hosting.png","contentUrl":"https:\/\/www.peppler-hosting.at\/cms\/wp-content\/uploads\/2017\/07\/cropped-peppler_hosting.png","width":600,"height":240,"caption":"Peppler Hosting"},"image":{"@id":"https:\/\/www.peppler-hosting.at\/cms\/#\/schema\/logo\/image\/"}}]}},"_links":{"self":[{"href":"https:\/\/www.peppler-hosting.at\/cms\/index.php?rest_route=\/wp\/v2\/pages\/55"}],"collection":[{"href":"https:\/\/www.peppler-hosting.at\/cms\/index.php?rest_route=\/wp\/v2\/pages"}],"about":[{"href":"https:\/\/www.peppler-hosting.at\/cms\/index.php?rest_route=\/wp\/v2\/types\/page"}],"author":[{"embeddable":true,"href":"https:\/\/www.peppler-hosting.at\/cms\/index.php?rest_route=\/wp\/v2\/users\/1"}],"replies":[{"embeddable":true,"href":"https:\/\/www.peppler-hosting.at\/cms\/index.php?rest_route=%2Fwp%2Fv2%2Fcomments&post=55"}],"version-history":[{"count":1,"href":"https:\/\/www.peppler-hosting.at\/cms\/index.php?rest_route=\/wp\/v2\/pages\/55\/revisions"}],"predecessor-version":[{"id":56,"href":"https:\/\/www.peppler-hosting.at\/cms\/index.php?rest_route=\/wp\/v2\/pages\/55\/revisions\/56"}],"wp:attachment":[{"href":"https:\/\/www.peppler-hosting.at\/cms\/index.php?rest_route=%2Fwp%2Fv2%2Fmedia&parent=55"}],"curies":[{"name":"wp","href":"https:\/\/api.w.org\/{rel}","templated":true}]}}