{"id":32,"date":"2017-07-07T15:52:41","date_gmt":"2017-07-07T15:52:41","guid":{"rendered":"https:\/\/www.peppler-hosting.at\/cms\/?page_id=32"},"modified":"2017-07-13T15:17:33","modified_gmt":"2017-07-13T15:17:33","slug":"was-ist-das","status":"publish","type":"page","link":"https:\/\/www.peppler-hosting.at\/cms\/?page_id=32","title":{"rendered":"Was ist Peppler-Hosting?"},"content":{"rendered":"<h2>Peppler Hosting ist ein privates Webhosting Angebot f\u00fcr Verwandte, Bekannte und deren Freunde. Dieses Webhosting hat weder den Zweck Gewinn oder gar Profit daraus zu ziehen und es richtet sich ausschlie\u00dflich an einen privaten Kreis von Personen der jederzeit einen kompletten \u00dcberblick \u00fcber das Hosting und die damit verbundenen Unkosten hat.<\/h2>\n","protected":false},"excerpt":{"rendered":"<p>Peppler Hosting ist ein privates Webhosting Angebot f\u00fcr Verwandte, Bekannte und deren Freunde. Dieses Webhosting hat weder den Zweck Gewinn oder gar Profit daraus zu ziehen und es richtet sich ausschlie\u00dflich an einen privaten Kreis von Personen der jederzeit einen kompletten \u00dcberblick \u00fcber das Hosting und die damit verbundenen Unkosten hat.<\/p>\n","protected":false},"author":1,"featured_media":0,"parent":0,"menu_order":0,"comment_status":"closed","ping_status":"closed","template":"","meta":[],"yoast_head":"<!-- This site is optimized with the Yoast SEO plugin v21.1 - https:\/\/yoast.com\/wordpress\/plugins\/seo\/ -->\n<title>Was ist Peppler-Hosting? - Peppler Hosting<\/title>\n<meta name=\"robots\" content=\"index, follow, max-snippet:-1, max-image-preview:large, max-video-preview:-1\" \/>\n<link rel=\"canonical\" href=\"https:\/\/www.peppler-hosting.at\/cms\/?page_id=32\" \/>\n<meta property=\"og:locale\" content=\"de_DE\" \/>\n<meta property=\"og:type\" content=\"article\" \/>\n<meta property=\"og:title\" content=\"Was ist Peppler-Hosting? - Peppler Hosting\" \/>\n<meta property=\"og:description\" content=\"Peppler Hosting ist ein privates Webhosting Angebot f\u00fcr Verwandte, Bekannte und deren Freunde. Dieses Webhosting hat weder den Zweck Gewinn oder gar Profit daraus zu ziehen und es richtet sich ausschlie\u00dflich an einen privaten Kreis von Personen der jederzeit einen kompletten \u00dcberblick \u00fcber das Hosting und die damit verbundenen Unkosten hat.\" \/>\n<meta property=\"og:url\" content=\"https:\/\/www.peppler-hosting.at\/cms\/?page_id=32\" \/>\n<meta property=\"og:site_name\" content=\"Peppler Hosting\" \/>\n<meta property=\"article:modified_time\" content=\"2017-07-13T15:17:33+00:00\" \/>\n<meta name=\"twitter:card\" content=\"summary_large_image\" \/>\n<script type=\"application\/ld+json\" class=\"yoast-schema-graph\">{\"@context\":\"https:\/\/schema.org\",\"@graph\":[{\"@type\":\"WebPage\",\"@id\":\"https:\/\/www.peppler-hosting.at\/cms\/?page_id=32\",\"url\":\"https:\/\/www.peppler-hosting.at\/cms\/?page_id=32\",\"name\":\"Was ist Peppler-Hosting? - Peppler Hosting\",\"isPartOf\":{\"@id\":\"https:\/\/www.peppler-hosting.at\/cms\/#website\"},\"datePublished\":\"2017-07-07T15:52:41+00:00\",\"dateModified\":\"2017-07-13T15:17:33+00:00\",\"breadcrumb\":{\"@id\":\"https:\/\/www.peppler-hosting.at\/cms\/?page_id=32#breadcrumb\"},\"inLanguage\":\"de\",\"potentialAction\":[{\"@type\":\"ReadAction\",\"target\":[\"https:\/\/www.peppler-hosting.at\/cms\/?page_id=32\"]}]},{\"@type\":\"BreadcrumbList\",\"@id\":\"https:\/\/www.peppler-hosting.at\/cms\/?page_id=32#breadcrumb\",\"itemListElement\":[{\"@type\":\"ListItem\",\"position\":1,\"name\":\"Startseite\",\"item\":\"https:\/\/www.peppler-hosting.at\/cms\/\"},{\"@type\":\"ListItem\",\"position\":2,\"name\":\"Was ist Peppler-Hosting?\"}]},{\"@type\":\"WebSite\",\"@id\":\"https:\/\/www.peppler-hosting.at\/cms\/#website\",\"url\":\"https:\/\/www.peppler-hosting.at\/cms\/\",\"name\":\"Peppler Hosting\",\"description\":\"Your private Web-Hosting!\",\"publisher\":{\"@id\":\"https:\/\/www.peppler-hosting.at\/cms\/#organization\"},\"potentialAction\":[{\"@type\":\"SearchAction\",\"target\":{\"@type\":\"EntryPoint\",\"urlTemplate\":\"https:\/\/www.peppler-hosting.at\/cms\/?s={search_term_string}\"},\"query-input\":\"required name=search_term_string\"}],\"inLanguage\":\"de\"},{\"@type\":\"Organization\",\"@id\":\"https:\/\/www.peppler-hosting.at\/cms\/#organization\",\"name\":\"Peppler Hosting\",\"url\":\"https:\/\/www.peppler-hosting.at\/cms\/\",\"logo\":{\"@type\":\"ImageObject\",\"inLanguage\":\"de\",\"@id\":\"https:\/\/www.peppler-hosting.at\/cms\/#\/schema\/logo\/image\/\",\"url\":\"https:\/\/www.peppler-hosting.at\/cms\/wp-content\/uploads\/2017\/07\/cropped-peppler_hosting.png\",\"contentUrl\":\"https:\/\/www.peppler-hosting.at\/cms\/wp-content\/uploads\/2017\/07\/cropped-peppler_hosting.png\",\"width\":600,\"height\":240,\"caption\":\"Peppler Hosting\"},\"image\":{\"@id\":\"https:\/\/www.peppler-hosting.at\/cms\/#\/schema\/logo\/image\/\"}}]}<\/script>\n<!-- \/ Yoast SEO plugin. -->","yoast_head_json":{"title":"Was ist Peppler-Hosting? - Peppler Hosting","robots":{"index":"index","follow":"follow","max-snippet":"max-snippet:-1","max-image-preview":"max-image-preview:large","max-video-preview":"max-video-preview:-1"},"canonical":"https:\/\/www.peppler-hosting.at\/cms\/?page_id=32","og_locale":"de_DE","og_type":"article","og_title":"Was ist Peppler-Hosting? - Peppler Hosting","og_description":"Peppler Hosting ist ein privates Webhosting Angebot f\u00fcr Verwandte, Bekannte und deren Freunde. Dieses Webhosting hat weder den Zweck Gewinn oder gar Profit daraus zu ziehen und es richtet sich ausschlie\u00dflich an einen privaten Kreis von Personen der jederzeit einen kompletten \u00dcberblick \u00fcber das Hosting und die damit verbundenen Unkosten hat.","og_url":"https:\/\/www.peppler-hosting.at\/cms\/?page_id=32","og_site_name":"Peppler Hosting","article_modified_time":"2017-07-13T15:17:33+00:00","twitter_card":"summary_large_image","schema":{"@context":"https:\/\/schema.org","@graph":[{"@type":"WebPage","@id":"https:\/\/www.peppler-hosting.at\/cms\/?page_id=32","url":"https:\/\/www.peppler-hosting.at\/cms\/?page_id=32","name":"Was ist Peppler-Hosting? - Peppler Hosting","isPartOf":{"@id":"https:\/\/www.peppler-hosting.at\/cms\/#website"},"datePublished":"2017-07-07T15:52:41+00:00","dateModified":"2017-07-13T15:17:33+00:00","breadcrumb":{"@id":"https:\/\/www.peppler-hosting.at\/cms\/?page_id=32#breadcrumb"},"inLanguage":"de","potentialAction":[{"@type":"ReadAction","target":["https:\/\/www.peppler-hosting.at\/cms\/?page_id=32"]}]},{"@type":"BreadcrumbList","@id":"https:\/\/www.peppler-hosting.at\/cms\/?page_id=32#breadcrumb","itemListElement":[{"@type":"ListItem","position":1,"name":"Startseite","item":"https:\/\/www.peppler-hosting.at\/cms\/"},{"@type":"ListItem","position":2,"name":"Was ist Peppler-Hosting?"}]},{"@type":"WebSite","@id":"https:\/\/www.peppler-hosting.at\/cms\/#website","url":"https:\/\/www.peppler-hosting.at\/cms\/","name":"Peppler Hosting","description":"Your private Web-Hosting!","publisher":{"@id":"https:\/\/www.peppler-hosting.at\/cms\/#organization"},"potentialAction":[{"@type":"SearchAction","target":{"@type":"EntryPoint","urlTemplate":"https:\/\/www.peppler-hosting.at\/cms\/?s={search_term_string}"},"query-input":"required name=search_term_string"}],"inLanguage":"de"},{"@type":"Organization","@id":"https:\/\/www.peppler-hosting.at\/cms\/#organization","name":"Peppler Hosting","url":"https:\/\/www.peppler-hosting.at\/cms\/","logo":{"@type":"ImageObject","inLanguage":"de","@id":"https:\/\/www.peppler-hosting.at\/cms\/#\/schema\/logo\/image\/","url":"https:\/\/www.peppler-hosting.at\/cms\/wp-content\/uploads\/2017\/07\/cropped-peppler_hosting.png","contentUrl":"https:\/\/www.peppler-hosting.at\/cms\/wp-content\/uploads\/2017\/07\/cropped-peppler_hosting.png","width":600,"height":240,"caption":"Peppler Hosting"},"image":{"@id":"https:\/\/www.peppler-hosting.at\/cms\/#\/schema\/logo\/image\/"}}]}},"_links":{"self":[{"href":"https:\/\/www.peppler-hosting.at\/cms\/index.php?rest_route=\/wp\/v2\/pages\/32"}],"collection":[{"href":"https:\/\/www.peppler-hosting.at\/cms\/index.php?rest_route=\/wp\/v2\/pages"}],"about":[{"href":"https:\/\/www.peppler-hosting.at\/cms\/index.php?rest_route=\/wp\/v2\/types\/page"}],"author":[{"embeddable":true,"href":"https:\/\/www.peppler-hosting.at\/cms\/index.php?rest_route=\/wp\/v2\/users\/1"}],"replies":[{"embeddable":true,"href":"https:\/\/www.peppler-hosting.at\/cms\/index.php?rest_route=%2Fwp%2Fv2%2Fcomments&post=32"}],"version-history":[{"count":5,"href":"https:\/\/www.peppler-hosting.at\/cms\/index.php?rest_route=\/wp\/v2\/pages\/32\/revisions"}],"predecessor-version":[{"id":51,"href":"https:\/\/www.peppler-hosting.at\/cms\/index.php?rest_route=\/wp\/v2\/pages\/32\/revisions\/51"}],"wp:attachment":[{"href":"https:\/\/www.peppler-hosting.at\/cms\/index.php?rest_route=%2Fwp%2Fv2%2Fmedia&parent=32"}],"curies":[{"name":"wp","href":"https:\/\/api.w.org\/{rel}","templated":true}]}}